{"id":374,"date":"2026-04-01T09:25:02","date_gmt":"2026-04-01T09:25:02","guid":{"rendered":"https:\/\/zsnjanowiec.pl\/?page_id=374"},"modified":"2026-04-01T09:33:07","modified_gmt":"2026-04-01T09:33:07","slug":"informacje-dla-rodzicow","status":"publish","type":"page","link":"https:\/\/zsnjanowiec.pl\/?page_id=374","title":{"rendered":"INFORMACJE DLA RODZIC\u00d3W"},"content":{"rendered":"\n<hr class=\"wp-block-separator has-alpha-channel-opacity\"\/>\n\n\n\n<p class=\"has-text-align-center\">Depresja m\u0142odzie\u0144cza &#8211; rozumiesz, pomagasz&#8230;<\/p>\n\n\n<div class=\"wp-block-image\">\n<figure class=\"aligncenter size-medium\" id=\"https:\/\/www.wygranaonline.com\/depresja-mlodziencza\/\"><img loading=\"lazy\" decoding=\"async\" width=\"300\" height=\"200\" src=\"https:\/\/zsnjanowiec.pl\/wp-content\/uploads\/2026\/04\/depresja-mlodziencza-1920x1280-1-300x200.webp\" alt=\"\" class=\"wp-image-379\" srcset=\"https:\/\/zsnjanowiec.pl\/wp-content\/uploads\/2026\/04\/depresja-mlodziencza-1920x1280-1-300x200.webp 300w, https:\/\/zsnjanowiec.pl\/wp-content\/uploads\/2026\/04\/depresja-mlodziencza-1920x1280-1-1024x683.webp 1024w, https:\/\/zsnjanowiec.pl\/wp-content\/uploads\/2026\/04\/depresja-mlodziencza-1920x1280-1-768x512.webp 768w, https:\/\/zsnjanowiec.pl\/wp-content\/uploads\/2026\/04\/depresja-mlodziencza-1920x1280-1-1536x1024.webp 1536w, https:\/\/zsnjanowiec.pl\/wp-content\/uploads\/2026\/04\/depresja-mlodziencza-1920x1280-1-1140x760.webp 1140w, https:\/\/zsnjanowiec.pl\/wp-content\/uploads\/2026\/04\/depresja-mlodziencza-1920x1280-1.webp 1920w\" sizes=\"auto, (max-width: 300px) 100vw, 300px\" \/><\/figure>\n<\/div>\n\n\n<div class=\"wp-block-buttons is-content-justification-center is-layout-flex wp-container-core-buttons-is-layout-72caf8c6 wp-block-buttons-is-layout-flex\">\n<div class=\"wp-block-button has-custom-width wp-block-button__width-50\"><a class=\"wp-block-button__link has-text-align-center wp-element-button\" href=\"https:\/\/www.wygranaonline.com\/depresja-mlodziencza\/\">kliknij tutaj&#8230;<\/a><\/div>\n<\/div>\n\n\n\n<div style=\"height:100px\" aria-hidden=\"true\" class=\"wp-block-spacer\"><\/div>\n\n\n\n<hr class=\"wp-block-separator has-alpha-channel-opacity\"\/>\n\n\n\n<p class=\"has-text-align-center\">Twoje dziecko bezpieczne w sieci &#8211; poradnik dla rodzic\u00f3w nastolatk\u00f3w<\/p>\n\n\n\n<div class=\"wp-block-file aligncenter\"><a id=\"wp-block-file--media-c255cb98-b7f8-40bb-aa0b-ed42a1e4c1f9\" href=\"https:\/\/zsnjanowiec.pl\/wp-content\/uploads\/2026\/04\/twoje_dziecko_bezpieczne_w_sieci.pdf\">twoje_dziecko_bezpieczne_w_sieci<\/a><a href=\"https:\/\/zsnjanowiec.pl\/wp-content\/uploads\/2026\/04\/twoje_dziecko_bezpieczne_w_sieci.pdf\" class=\"wp-block-file__button wp-element-button\" download aria-describedby=\"wp-block-file--media-c255cb98-b7f8-40bb-aa0b-ed42a1e4c1f9\">Pobierz<\/a><\/div>\n\n\n\n<hr class=\"wp-block-separator has-alpha-channel-opacity\"\/>\n\n\n\n<p><\/p>\n","protected":false},"excerpt":{"rendered":"<p>Depresja m\u0142odzie\u0144cza &#8211; rozumiesz, pomagasz&#8230; Twoje dziecko bezpieczne w sieci &#8211; poradnik dla rodzic\u00f3w nastolatk\u00f3w<\/p>\n","protected":false},"author":1,"featured_media":0,"parent":0,"menu_order":0,"comment_status":"closed","ping_status":"closed","template":"","meta":{"footnotes":""},"class_list":["post-374","page","type-page","status-publish","hentry"],"_links":{"self":[{"href":"https:\/\/zsnjanowiec.pl\/index.php?rest_route=\/wp\/v2\/pages\/374","targetHints":{"allow":["GET"]}}],"collection":[{"href":"https:\/\/zsnjanowiec.pl\/index.php?rest_route=\/wp\/v2\/pages"}],"about":[{"href":"https:\/\/zsnjanowiec.pl\/index.php?rest_route=\/wp\/v2\/types\/page"}],"author":[{"embeddable":true,"href":"https:\/\/zsnjanowiec.pl\/index.php?rest_route=\/wp\/v2\/users\/1"}],"replies":[{"embeddable":true,"href":"https:\/\/zsnjanowiec.pl\/index.php?rest_route=%2Fwp%2Fv2%2Fcomments&post=374"}],"version-history":[{"count":10,"href":"https:\/\/zsnjanowiec.pl\/index.php?rest_route=\/wp\/v2\/pages\/374\/revisions"}],"predecessor-version":[{"id":389,"href":"https:\/\/zsnjanowiec.pl\/index.php?rest_route=\/wp\/v2\/pages\/374\/revisions\/389"}],"wp:attachment":[{"href":"https:\/\/zsnjanowiec.pl\/index.php?rest_route=%2Fwp%2Fv2%2Fmedia&parent=374"}],"curies":[{"name":"wp","href":"https:\/\/api.w.org\/{rel}","templated":true}]}}