{"id":244,"date":"2024-09-11T10:22:47","date_gmt":"2024-09-11T10:22:47","guid":{"rendered":"https:\/\/zsnjanowiec.pl\/?page_id=244"},"modified":"2024-09-11T11:11:42","modified_gmt":"2024-09-11T11:11:42","slug":"szkola","status":"publish","type":"page","link":"https:\/\/zsnjanowiec.pl\/?page_id=244","title":{"rendered":"SZKO\u0141A"},"content":{"rendered":"\n<p class=\"has-text-align-center\">PATRON SZKO\u0141Y:<br><\/p>\n\n\n<div class=\"wp-block-image is-style-rounded\">\n<figure class=\"aligncenter size-full\"><img loading=\"lazy\" decoding=\"async\" width=\"250\" height=\"355\" src=\"https:\/\/zsnjanowiec.pl\/wp-content\/uploads\/2024\/09\/JAN-SZATOWSKI.jpg\" alt=\"\" class=\"wp-image-229\" srcset=\"https:\/\/zsnjanowiec.pl\/wp-content\/uploads\/2024\/09\/JAN-SZATOWSKI.jpg 250w, https:\/\/zsnjanowiec.pl\/wp-content\/uploads\/2024\/09\/JAN-SZATOWSKI-211x300.jpg 211w\" sizes=\"auto, (max-width: 250px) 100vw, 250px\" \/><\/figure>\n<\/div>\n\n\n<p class=\"has-text-align-center\"><br><br>Podpu\u0142kownik WP Jan (Szaty\u0144ski) Szatowski ps.\u00a0&#8222;Kowal&#8221; <br>urodzi\u0142 si\u0119 w\u00a0Wilnie 23.01.1907 r., <br>oficer Legion\u00f3w w\u00a0Wilnie, organizator i\u00a0dow\u00f3dca Gromady AK,<br>dow\u00f3dca 27 Wo\u0142y\u0144skiej Dywizji Piechoty AK, <br>dow\u00f3dca okr\u0119gu Lubelskiego. <br>Odznaczony trzykrotnie Krzy\u017cem Virtuti Military. <br>Wieloletni wi\u0119zie\u0144 polityczny PPL.<br>W roku 1960 sprowadzi\u0142 si\u0119 do siostry do Janowca Wlkp., <br>kt\u00f3ra to prowadzi\u0142a aptek\u0119. <br>By\u0142 cz\u0142owiekiem bardzo skromnym prowadz\u0105cym ogrodnictwo.<br>\u00a0Zmar\u0142 w\u00a0Janowcu Wlkp. 8.09.1988 r. i\u00a0pochowany zosta\u0142 na miejscowym cmentarzu.<\/p>\n","protected":false},"excerpt":{"rendered":"<p>PATRON SZKO\u0141Y: Podpu\u0142kownik WP Jan (Szaty\u0144ski) Szatowski ps.\u00a0&#8222;Kowal&#8221; urodzi\u0142 si\u0119 w\u00a0Wilnie 23.01.1907 r., oficer Legion\u00f3w w\u00a0Wilnie, organizator i\u00a0dow\u00f3dca Gromady AK,dow\u00f3dca 27 Wo\u0142y\u0144skiej Dywizji Piechoty AK, dow\u00f3dca okr\u0119gu Lubelskiego. Odznaczony trzykrotnie Krzy\u017cem Virtuti Military. Wieloletni wi\u0119zie\u0144 polityczny PPL.W roku 1960 sprowadzi\u0142 si\u0119 do siostry do Janowca Wlkp., kt\u00f3ra to prowadzi\u0142a aptek\u0119. By\u0142 cz\u0142owiekiem bardzo skromnym prowadz\u0105cym ogrodnictwo.\u00a0Zmar\u0142 w\u00a0Janowcu Wlkp. 8.09.1988 r. i\u00a0pochowany zosta\u0142 na miejscowym cmentarzu.<\/p>\n","protected":false},"author":1,"featured_media":0,"parent":0,"menu_order":0,"comment_status":"closed","ping_status":"closed","template":"","meta":{"footnotes":""},"class_list":["post-244","page","type-page","status-publish","hentry"],"_links":{"self":[{"href":"https:\/\/zsnjanowiec.pl\/index.php?rest_route=\/wp\/v2\/pages\/244","targetHints":{"allow":["GET"]}}],"collection":[{"href":"https:\/\/zsnjanowiec.pl\/index.php?rest_route=\/wp\/v2\/pages"}],"about":[{"href":"https:\/\/zsnjanowiec.pl\/index.php?rest_route=\/wp\/v2\/types\/page"}],"author":[{"embeddable":true,"href":"https:\/\/zsnjanowiec.pl\/index.php?rest_route=\/wp\/v2\/users\/1"}],"replies":[{"embeddable":true,"href":"https:\/\/zsnjanowiec.pl\/index.php?rest_route=%2Fwp%2Fv2%2Fcomments&post=244"}],"version-history":[{"count":2,"href":"https:\/\/zsnjanowiec.pl\/index.php?rest_route=\/wp\/v2\/pages\/244\/revisions"}],"predecessor-version":[{"id":248,"href":"https:\/\/zsnjanowiec.pl\/index.php?rest_route=\/wp\/v2\/pages\/244\/revisions\/248"}],"wp:attachment":[{"href":"https:\/\/zsnjanowiec.pl\/index.php?rest_route=%2Fwp%2Fv2%2Fmedia&parent=244"}],"curies":[{"name":"wp","href":"https:\/\/api.w.org\/{rel}","templated":true}]}}