{"id":211,"date":"2024-09-11T09:09:51","date_gmt":"2024-09-11T09:09:51","guid":{"rendered":"https:\/\/zsnjanowiec.pl\/?page_id=211"},"modified":"2025-08-26T13:24:07","modified_gmt":"2025-08-26T13:24:07","slug":"kadra-zsn","status":"publish","type":"page","link":"https:\/\/zsnjanowiec.pl\/?page_id=211","title":{"rendered":"KADRA ZSN"},"content":{"rendered":"\n<h1 class=\"wp-block-heading has-text-align-center has-medium-font-size\">DYREKTOR: <strong>mgr Anna Jedli\u0144ska<\/strong><br>WICEDYREKTOR: mgr in\u017c. Jan Iwanek<\/h1>\n\n\n\n<hr class=\"wp-block-separator has-alpha-channel-opacity\"\/>\n\n\n\n<p class=\"has-text-align-center\"><\/p>\n\n\n\n<h3 class=\"wp-block-heading has-text-align-center\"><strong>\ud83d\udcda PRZEDMIOTY HUMANISTYCZNE I J\u0118ZYKOWE<\/strong><\/h3>\n\n\n\n<p class=\"has-text-align-left\"><strong>J\u0118ZYK POLSKI<\/strong><\/p>\n\n\n\n<ul class=\"wp-block-list\">\n<li>mgr Katarzyna D\u0105browska<\/li>\n\n\n\n<li>mgr Marzena Kochowicz-Sobkowiak<\/li>\n\n\n\n<li>mgr Ewa Ma\u0142ecka<\/li>\n\n\n\n<li>mgr Joanna Wi\u015bniewska<\/li>\n<\/ul>\n\n\n\n<p><strong>J\u0118ZYK ANGIELSKI<\/strong><\/p>\n\n\n\n<ul class=\"wp-block-list\">\n<li>mgr Sandra Furmaniak<\/li>\n\n\n\n<li>mgr Karolina Kordzi\u0144ska-Korycka<\/li>\n\n\n\n<li>mgr Joanna Luboch<\/li>\n<\/ul>\n\n\n\n<p><strong>J\u0118ZYK NIEMIECKI<\/strong><\/p>\n\n\n\n<ul class=\"wp-block-list\">\n<li>mgr Anna Roszak<\/li>\n<\/ul>\n\n\n\n<p><strong>J\u0118ZYK HISZPA\u0143SKI<\/strong><\/p>\n\n\n\n<ul class=\"wp-block-list\">\n<li>mgr Maciej Bystrzy\u0144ski<\/li>\n<\/ul>\n\n\n\n<p><strong>HISTORIA, WIEDZA O SPO\u0141ECZE\u0143STWIE, HISTORIA I TERA\u0179NIEJSZO\u015a\u0106<\/strong><\/p>\n\n\n\n<ul class=\"wp-block-list\">\n<li>mgr S\u0142awomir Buk<\/li>\n\n\n\n<li>mgr Adam Tyzler<\/li>\n\n\n\n<li>mgr Magdalena Zawer<\/li>\n<\/ul>\n\n\n\n<p><strong>RELIGIA<\/strong><\/p>\n\n\n\n<ul class=\"wp-block-list\">\n<li>ks. mgr Rafa\u0142 Budzy\u0144ski<\/li>\n<\/ul>\n\n\n\n<hr class=\"wp-block-separator has-alpha-channel-opacity\"\/>\n\n\n\n<p><\/p>\n\n\n\n<h3 class=\"wp-block-heading has-text-align-center\">\ud83d\udd2c PRZEDMIOTY \u015aCIS\u0141E I PRZYRODNICZE<\/h3>\n\n\n\n<p><strong>MATEMATYKA<\/strong><\/p>\n\n\n\n<ul class=\"wp-block-list\">\n<li>mgr Marzena Brodecka<\/li>\n\n\n\n<li>mgr Przemys\u0142aw Duszy\u0144ski<\/li>\n\n\n\n<li>mgr Anna Jedli\u0144ska<\/li>\n\n\n\n<li>mgr S\u0142awomir Zgud<\/li>\n<\/ul>\n\n\n\n<p><strong>FIZYKA, GEOGRAFIA<\/strong><\/p>\n\n\n\n<ul class=\"wp-block-list\">\n<li>mgr Magdalena Mierzejewska<\/li>\n\n\n\n<li>mgr Arkadiusz Pryka<\/li>\n<\/ul>\n\n\n\n<p><strong>CHEMIA<\/strong><\/p>\n\n\n\n<ul class=\"wp-block-list\">\n<li>mgr in\u017c. Jaromir Brodecki<\/li>\n\n\n\n<li>mgr Marcelina Szweda<\/li>\n<\/ul>\n\n\n\n<p><strong>BIOLOGIA<\/strong><\/p>\n\n\n\n<ul class=\"wp-block-list\">\n<li>mgr Marzena Brodecka<\/li>\n\n\n\n<li>mgr in\u017c. Jan Iwanek<\/li>\n\n\n\n<li>mgr Ilona Rezulak<\/li>\n\n\n\n<li>mgr Karolina Szybczy\u0144ska<\/li>\n<\/ul>\n\n\n\n<hr class=\"wp-block-separator has-alpha-channel-opacity\"\/>\n\n\n\n<p><\/p>\n\n\n\n<h3 class=\"wp-block-heading has-text-align-center\">\ud83d\udcbc PRZEDMIOTY ZAWODOWE I BIZNESOWE<\/h3>\n\n\n\n<p><strong>PODSTAWY PRZEDSI\u0118BIORCZO\u015aCI<\/strong><\/p>\n\n\n\n<ul class=\"wp-block-list\">\n<li>mgr in\u017c. Jan Iwanek<\/li>\n<\/ul>\n\n\n\n<p><strong>BIZNES I ZARZ\u0104DZANIE<\/strong><\/p>\n\n\n\n<ul class=\"wp-block-list\">\n<li>mgr in\u017c. Jan Iwanek<\/li>\n<\/ul>\n\n\n\n<p><strong>PRZEDMIOTY ZAWODOWE \u2013 TECHNIK EKONOMISTA<\/strong><\/p>\n\n\n\n<ul class=\"wp-block-list\">\n<li>mgr in\u017c. Jan Iwanek<\/li>\n\n\n\n<li>mgr Wiktoria Janik<\/li>\n<\/ul>\n\n\n\n<p><strong>PRZEDMIOTY ZAWODOWE \u2013 TECHNIK PROCES\u00d3W DRUKOWANIA<\/strong><\/p>\n\n\n\n<ul class=\"wp-block-list\">\n<li>in\u017c. Mateusz Adamski<\/li>\n\n\n\n<li>mgr Bart\u0142omiej Grobelski<\/li>\n\n\n\n<li>mgr Rados\u0142aw Koperski<\/li>\n\n\n\n<li>in\u017c. Sylwia Najkowska<\/li>\n\n\n\n<li>in\u017c. Izabela Tarnowska<\/li>\n\n\n\n<li>in\u017c. Krzysztof Tkacz<\/li>\n<\/ul>\n\n\n\n<hr class=\"wp-block-separator has-alpha-channel-opacity\"\/>\n\n\n\n<p><\/p>\n\n\n\n<h3 class=\"wp-block-heading has-text-align-center\">\ud83d\udda5\ufe0f INFORMATYKA I TECHNOLOGIA<\/h3>\n\n\n\n<p><strong>INFORMATYKA<\/strong><\/p>\n\n\n\n<ul class=\"wp-block-list\">\n<li>mgr in\u017c. Grzegorz Piechowiak<\/li>\n\n\n\n<li>mgr Arkadiusz Pryka<\/li>\n<\/ul>\n\n\n\n<hr class=\"wp-block-separator has-alpha-channel-opacity\"\/>\n\n\n\n<p><\/p>\n\n\n\n<h3 class=\"wp-block-heading has-text-align-center\">\ud83d\udc68\u200d\ud83c\udfeb WYCHOWANIE I BEZPIECZE\u0143STWO<\/h3>\n\n\n\n<p><strong>WYCHOWANIE FIZYCZNE<\/strong><\/p>\n\n\n\n<ul class=\"wp-block-list\">\n<li>mgr Dawid Juncewski<\/li>\n\n\n\n<li>mgr Arkadiusz Pryka<\/li>\n\n\n\n<li>mgr Edyta Szramka<\/li>\n<\/ul>\n\n\n\n<p><strong>EDUKACJA DLA BEZPIECZE\u0143STWA<\/strong><\/p>\n\n\n\n<ul class=\"wp-block-list\">\n<li>mgr Arkadiusz Pryka<\/li>\n<\/ul>\n\n\n\n<p><strong>BHP<\/strong><\/p>\n\n\n\n<ul class=\"wp-block-list\">\n<li>mgr Arkadiusz Pryka<\/li>\n<\/ul>\n\n\n\n<hr class=\"wp-block-separator has-alpha-channel-opacity\"\/>\n\n\n\n<p><\/p>\n\n\n\n<h3 class=\"wp-block-heading has-text-align-center\">\ud83e\udde0 WSPARCIE PSYCHOLOGICZNO-PEDAGOGICZNE<\/h3>\n\n\n\n<p><strong>PEDAGOG SZKOLNY<\/strong><\/p>\n\n\n\n<ul class=\"wp-block-list\">\n<li>mgr Arkadiusz Pryka<\/li>\n\n\n\n<li>mgr Ilona Rezulak<\/li>\n<\/ul>\n\n\n\n<p><strong>PEDAGOG SPECJALNY<\/strong><\/p>\n\n\n\n<ul class=\"wp-block-list\">\n<li>mgr Ilona Rezulak<\/li>\n<\/ul>\n\n\n\n<p><strong>PSYCHOLOG SZKOLNY<\/strong><\/p>\n\n\n\n<ul class=\"wp-block-list\">\n<li>mgr Sandra Paluch<\/li>\n<\/ul>\n\n\n\n<hr class=\"wp-block-separator has-alpha-channel-opacity\"\/>\n\n\n\n<p><\/p>\n\n\n\n<h3 class=\"wp-block-heading has-text-align-center\">\ud83d\udcd6 ZASOBY SZKOLNE<\/h3>\n\n\n\n<p><strong>BIBLIOTEKA<\/strong><\/p>\n\n\n\n<ul class=\"wp-block-list\">\n<li>mgr Ewa Ma\u0142ecka<\/li>\n<\/ul>\n\n\n\n<hr class=\"wp-block-separator has-alpha-channel-opacity\"\/>\n\n\n\n<p class=\"has-text-align-center\"><\/p>\n","protected":false},"excerpt":{"rendered":"<p>DYREKTOR: mgr Anna Jedli\u0144skaWICEDYREKTOR: mgr in\u017c. Jan Iwanek \ud83d\udcda PRZEDMIOTY HUMANISTYCZNE I J\u0118ZYKOWE J\u0118ZYK POLSKI J\u0118ZYK ANGIELSKI J\u0118ZYK NIEMIECKI J\u0118ZYK HISZPA\u0143SKI HISTORIA, WIEDZA O SPO\u0141ECZE\u0143STWIE, HISTORIA I TERA\u0179NIEJSZO\u015a\u0106 RELIGIA \ud83d\udd2c PRZEDMIOTY \u015aCIS\u0141E I PRZYRODNICZE MATEMATYKA FIZYKA, GEOGRAFIA CHEMIA BIOLOGIA \ud83d\udcbc PRZEDMIOTY ZAWODOWE I BIZNESOWE PODSTAWY PRZEDSI\u0118BIORCZO\u015aCI BIZNES I ZARZ\u0104DZANIE PRZEDMIOTY ZAWODOWE \u2013 TECHNIK EKONOMISTA PRZEDMIOTY ZAWODOWE \u2013 TECHNIK PROCES\u00d3W DRUKOWANIA \ud83d\udda5\ufe0f INFORMATYKA I TECHNOLOGIA INFORMATYKA \ud83d\udc68\u200d\ud83c\udfeb WYCHOWANIE I BEZPIECZE\u0143STWO WYCHOWANIE FIZYCZNE EDUKACJA DLA BEZPIECZE\u0143STWA BHP \ud83e\udde0 WSPARCIE PSYCHOLOGICZNO-PEDAGOGICZNE PEDAGOG SZKOLNY PEDAGOG SPECJALNY PSYCHOLOG SZKOLNY \ud83d\udcd6 ZASOBY SZKOLNE BIBLIOTEKA<\/p>\n","protected":false},"author":1,"featured_media":0,"parent":0,"menu_order":0,"comment_status":"closed","ping_status":"closed","template":"","meta":{"footnotes":""},"class_list":["post-211","page","type-page","status-publish","hentry"],"_links":{"self":[{"href":"https:\/\/zsnjanowiec.pl\/index.php?rest_route=\/wp\/v2\/pages\/211","targetHints":{"allow":["GET"]}}],"collection":[{"href":"https:\/\/zsnjanowiec.pl\/index.php?rest_route=\/wp\/v2\/pages"}],"about":[{"href":"https:\/\/zsnjanowiec.pl\/index.php?rest_route=\/wp\/v2\/types\/page"}],"author":[{"embeddable":true,"href":"https:\/\/zsnjanowiec.pl\/index.php?rest_route=\/wp\/v2\/users\/1"}],"replies":[{"embeddable":true,"href":"https:\/\/zsnjanowiec.pl\/index.php?rest_route=%2Fwp%2Fv2%2Fcomments&post=211"}],"version-history":[{"count":13,"href":"https:\/\/zsnjanowiec.pl\/index.php?rest_route=\/wp\/v2\/pages\/211\/revisions"}],"predecessor-version":[{"id":331,"href":"https:\/\/zsnjanowiec.pl\/index.php?rest_route=\/wp\/v2\/pages\/211\/revisions\/331"}],"wp:attachment":[{"href":"https:\/\/zsnjanowiec.pl\/index.php?rest_route=%2Fwp%2Fv2%2Fmedia&parent=211"}],"curies":[{"name":"wp","href":"https:\/\/api.w.org\/{rel}","templated":true}]}}