{"id":142,"date":"2024-09-10T17:47:02","date_gmt":"2024-09-10T17:47:02","guid":{"rendered":"https:\/\/zsnjanowiec.pl\/?page_id=142"},"modified":"2024-09-11T10:15:04","modified_gmt":"2024-09-11T10:15:04","slug":"kontakt","status":"publish","type":"page","link":"https:\/\/zsnjanowiec.pl\/?page_id=142","title":{"rendered":"KONTAKT"},"content":{"rendered":"\n<h2 class=\"wp-block-heading has-text-align-center has-medium-font-size\"><\/h2>\n\n\n\n<hr class=\"wp-block-separator has-alpha-channel-opacity\"\/>\n\n\n\n<p><\/p>\n\n\n\n<p class=\"has-text-align-center has-medium-font-size\"><strong>ORGAN PROWADZ\u0104CY SZKO\u0141\u0118 &#8211; &#8222;JANOWIECKIE STOWARZYSZENIE O\u015aWIATOWE&#8221;<\/strong><br><br>KRS:<br>0000413366<br>NIP:<br>5621802974<br>REGON:<br>341254831<\/p>\n\n\n\n<hr class=\"wp-block-separator has-alpha-channel-opacity\"\/>\n\n\n\n<p><\/p>\n\n\n\n<p class=\"has-text-align-center has-medium-font-size\"><strong>Zesp\u00f3\u0142 Szk\u00f3l Niepublicznych<br>im. Jana Szatowskiego<br>w Janowcu Wielkopolskim<\/strong><br><br>ul. 3 Maja 30<br>88-430 Janowiec Wlkp.<br>tel. +48 52 302 30 46<br>email: szkola@zsnjanowiec.pl<br><br>REGON:<br>341314088<br>NIP:<br>5621803198<br><br>Nr. konta do czesnego:<br>25 8959 0001 5500 0345 2000 0040<\/p>\n\n\n\n<hr class=\"wp-block-separator has-alpha-channel-opacity\"\/>\n\n\n\n<p><\/p>\n\n\n\n<div class=\"wp-block-buttons has-custom-font-size has-medium-font-size is-content-justification-center is-nowrap is-layout-flex wp-container-core-buttons-is-layout-12a27398 wp-block-buttons-is-layout-flex\">\n<div class=\"wp-block-button\"><a class=\"wp-block-button__link has-text-align-center wp-element-button\" href=\"https:\/\/maps.app.goo.gl\/H8LGBRmNHndziLUZ7\">DOJAZD<\/a><\/div>\n<\/div>\n","protected":false},"excerpt":{"rendered":"<p>ORGAN PROWADZ\u0104CY SZKO\u0141\u0118 &#8211; &#8222;JANOWIECKIE STOWARZYSZENIE O\u015aWIATOWE&#8221; KRS:0000413366NIP:5621802974REGON:341254831 Zesp\u00f3\u0142 Szk\u00f3l Niepublicznychim. Jana Szatowskiegow Janowcu Wielkopolskim ul. 3 Maja 3088-430 Janowiec Wlkp.tel. +48 52 302 30 46email: szkola@zsnjanowiec.pl REGON:341314088NIP:5621803198 Nr. konta do czesnego:25 8959 0001 5500 0345 2000 0040<\/p>\n","protected":false},"author":1,"featured_media":0,"parent":0,"menu_order":0,"comment_status":"closed","ping_status":"closed","template":"","meta":{"footnotes":""},"class_list":["post-142","page","type-page","status-publish","hentry"],"_links":{"self":[{"href":"https:\/\/zsnjanowiec.pl\/index.php?rest_route=\/wp\/v2\/pages\/142","targetHints":{"allow":["GET"]}}],"collection":[{"href":"https:\/\/zsnjanowiec.pl\/index.php?rest_route=\/wp\/v2\/pages"}],"about":[{"href":"https:\/\/zsnjanowiec.pl\/index.php?rest_route=\/wp\/v2\/types\/page"}],"author":[{"embeddable":true,"href":"https:\/\/zsnjanowiec.pl\/index.php?rest_route=\/wp\/v2\/users\/1"}],"replies":[{"embeddable":true,"href":"https:\/\/zsnjanowiec.pl\/index.php?rest_route=%2Fwp%2Fv2%2Fcomments&post=142"}],"version-history":[{"count":17,"href":"https:\/\/zsnjanowiec.pl\/index.php?rest_route=\/wp\/v2\/pages\/142\/revisions"}],"predecessor-version":[{"id":243,"href":"https:\/\/zsnjanowiec.pl\/index.php?rest_route=\/wp\/v2\/pages\/142\/revisions\/243"}],"wp:attachment":[{"href":"https:\/\/zsnjanowiec.pl\/index.php?rest_route=%2Fwp%2Fv2%2Fmedia&parent=142"}],"curies":[{"name":"wp","href":"https:\/\/api.w.org\/{rel}","templated":true}]}}