{"id":132,"date":"2024-09-01T11:09:00","date_gmt":"2024-09-01T11:09:00","guid":{"rendered":"https:\/\/zsnjanowiec.pl\/?page_id=132"},"modified":"2024-09-10T18:06:04","modified_gmt":"2024-09-10T18:06:04","slug":"poczta-sluzbowa","status":"publish","type":"page","link":"https:\/\/zsnjanowiec.pl\/?page_id=132","title":{"rendered":"POCZTA S\u0141U\u017bBOWA"},"content":{"rendered":"\n<p class=\"has-text-align-center\"><a href=\"https:\/\/poczta.zenbox.pl\/\">KLIKNIJ BY SI\u0118 ZALOGOWA\u0106<\/a><\/p>\n\n\n<div class=\"wp-block-image\">\n<figure class=\"aligncenter size-full\"><a href=\"https:\/\/poczta.zenbox.pl\/\"><img loading=\"lazy\" decoding=\"async\" width=\"170\" height=\"48\" src=\"https:\/\/zsnjanowiec.pl\/wp-content\/uploads\/2024\/09\/logo.png\" alt=\"\" class=\"wp-image-110\"\/><\/a><\/figure>\n<\/div>\n\n\n<p><\/p>\n\n\n\n<p class=\"has-text-align-center\">USTAWIENIA DLA PROGRAM\u00d3W POCZTOWYCH:<\/p>\n\n\n<div class=\"wp-block-image\">\n<figure class=\"aligncenter size-full\"><img loading=\"lazy\" decoding=\"async\" width=\"289\" height=\"184\" src=\"https:\/\/zsnjanowiec.pl\/wp-content\/uploads\/2024\/09\/POPIMAP.png\" alt=\"\" class=\"wp-image-107\"\/><\/figure>\n<\/div>\n\n\n<p><\/p>\n","protected":false},"excerpt":{"rendered":"<p>KLIKNIJ BY SI\u0118 ZALOGOWA\u0106 USTAWIENIA DLA PROGRAM\u00d3W POCZTOWYCH:<\/p>\n","protected":false},"author":1,"featured_media":0,"parent":0,"menu_order":0,"comment_status":"closed","ping_status":"closed","template":"","meta":{"footnotes":""},"class_list":["post-132","page","type-page","status-publish","hentry"],"_links":{"self":[{"href":"https:\/\/zsnjanowiec.pl\/index.php?rest_route=\/wp\/v2\/pages\/132","targetHints":{"allow":["GET"]}}],"collection":[{"href":"https:\/\/zsnjanowiec.pl\/index.php?rest_route=\/wp\/v2\/pages"}],"about":[{"href":"https:\/\/zsnjanowiec.pl\/index.php?rest_route=\/wp\/v2\/types\/page"}],"author":[{"embeddable":true,"href":"https:\/\/zsnjanowiec.pl\/index.php?rest_route=\/wp\/v2\/users\/1"}],"replies":[{"embeddable":true,"href":"https:\/\/zsnjanowiec.pl\/index.php?rest_route=%2Fwp%2Fv2%2Fcomments&post=132"}],"version-history":[{"count":3,"href":"https:\/\/zsnjanowiec.pl\/index.php?rest_route=\/wp\/v2\/pages\/132\/revisions"}],"predecessor-version":[{"id":155,"href":"https:\/\/zsnjanowiec.pl\/index.php?rest_route=\/wp\/v2\/pages\/132\/revisions\/155"}],"wp:attachment":[{"href":"https:\/\/zsnjanowiec.pl\/index.php?rest_route=%2Fwp%2Fv2%2Fmedia&parent=132"}],"curies":[{"name":"wp","href":"https:\/\/api.w.org\/{rel}","templated":true}]}}